{"id":36,"date":"2024-03-21T14:11:43","date_gmt":"2024-03-21T13:11:43","guid":{"rendered":"http:\/\/www.gemlavie.org\/?page_id=36"},"modified":"2024-03-21T14:11:43","modified_gmt":"2024-03-21T13:11:43","slug":"liens","status":"publish","type":"page","link":"https:\/\/www.gemlavie.org\/index.php\/liens\/","title":{"rendered":"Liens"},"content":{"rendered":"\n<p>Simon de Cyr\u00e8ne&nbsp;: <a href=\"http:\/\/www.simondecyrene.org\/\">http:\/\/www.simondecyrene.org\/<\/a><\/p>\n\n\n\n<p>Instagram: @associationgemlavie<\/p>\n\n\n\n<p>Facebook\u00a0: <a href=\"https:\/\/www.facebook.com\/gemlavieangers\/\">https:\/\/www.facebook.com\/gemlavieangers\/<\/a> <\/p>\n\n\n\n<p>Reportage t\u00e9l\u00e9 de TF1 sur la maison partag\u00e9e Navia\u00a0: <a href=\"https:\/\/youtu.be\/Hj9XnI2MoaU\">https:\/\/youtu.be\/Hj9XnI2MoaU<\/a><\/p>\n","protected":false},"excerpt":{"rendered":"<p>Simon de Cyr\u00e8ne&nbsp;: http:\/\/www.simondecyrene.org\/ Instagram: @associationgemlavie Facebook\u00a0: https:\/\/www.facebook.com\/gemlavieangers\/ Reportage t\u00e9l\u00e9 de TF1 sur la maison partag\u00e9e Navia\u00a0: https:\/\/youtu.be\/Hj9XnI2MoaU<\/p>\n","protected":false},"author":1,"featured_media":0,"parent":0,"menu_order":0,"comment_status":"closed","ping_status":"closed","template":"","meta":{"footnotes":""},"class_list":["post-36","page","type-page","status-publish","hentry"],"_links":{"self":[{"href":"https:\/\/www.gemlavie.org\/index.php\/wp-json\/wp\/v2\/pages\/36","targetHints":{"allow":["GET"]}}],"collection":[{"href":"https:\/\/www.gemlavie.org\/index.php\/wp-json\/wp\/v2\/pages"}],"about":[{"href":"https:\/\/www.gemlavie.org\/index.php\/wp-json\/wp\/v2\/types\/page"}],"author":[{"embeddable":true,"href":"https:\/\/www.gemlavie.org\/index.php\/wp-json\/wp\/v2\/users\/1"}],"replies":[{"embeddable":true,"href":"https:\/\/www.gemlavie.org\/index.php\/wp-json\/wp\/v2\/comments?post=36"}],"version-history":[{"count":1,"href":"https:\/\/www.gemlavie.org\/index.php\/wp-json\/wp\/v2\/pages\/36\/revisions"}],"predecessor-version":[{"id":37,"href":"https:\/\/www.gemlavie.org\/index.php\/wp-json\/wp\/v2\/pages\/36\/revisions\/37"}],"wp:attachment":[{"href":"https:\/\/www.gemlavie.org\/index.php\/wp-json\/wp\/v2\/media?parent=36"}],"curies":[{"name":"wp","href":"https:\/\/api.w.org\/{rel}","templated":true}]}}