{"id":34,"date":"2024-03-21T14:11:06","date_gmt":"2024-03-21T13:11:06","guid":{"rendered":"http:\/\/www.gemlavie.org\/?page_id=34"},"modified":"2024-03-21T14:11:06","modified_gmt":"2024-03-21T13:11:06","slug":"contact","status":"publish","type":"page","link":"https:\/\/www.gemlavie.org\/index.php\/contact\/","title":{"rendered":"Contact"},"content":{"rendered":"\n<p><em>Vous \u00eates confront\u00e9 au handicap, et vous souhaitez obtenir des renseignements pour adh\u00e9rer \u00e0 GEM La Vie ?<\/em><\/p>\n\n\n\n<p><em>Vous \u00eates valide et vous souhaitez devenir b\u00e9n\u00e9vole pour GEM La Vie&nbsp;?<\/em><\/p>\n\n\n\n<p>Contactez le standard de l\u2019association au num\u00e9ro suivant :&nbsp;<strong>06 50 57 50 77&nbsp;<\/strong>&nbsp;vous pouvez \u00e9galement nous adresser un mail \u00e0 l\u2019adresse suivante:&nbsp;<a href=\"mailto:associationgemlavie@gmail.com\">associationgemlavie@gmail.com<\/a><\/p>\n\n\n\n<p>Vous pouvez \u00e9galement venir nous rencontrer au 56 Avenue des Hauts de Saint Aubin 49000 Angers (Face \u00e0 l\u2019arr\u00eat de tramway des Hauts de Saint Aubin);<\/p>\n","protected":false},"excerpt":{"rendered":"<p>Vous \u00eates confront\u00e9 au handicap, et vous souhaitez obtenir des renseignements pour adh\u00e9rer \u00e0 GEM La Vie ? Vous \u00eates valide et vous souhaitez devenir b\u00e9n\u00e9vole pour GEM La Vie&nbsp;? Contactez le standard de l\u2019association au num\u00e9ro suivant :&nbsp;06 50 57 50 77&nbsp;&nbsp;vous pouvez \u00e9galement nous adresser un mail \u00e0 l\u2019adresse suivante:&nbsp;associationgemlavie@gmail.com Vous pouvez \u00e9galement venir nous rencontrer au 56 Avenue des Hauts de Saint Aubin 49000 Angers (Face \u00e0 l\u2019arr\u00eat de tramway des Hauts de Saint Aubin);<\/p>\n","protected":false},"author":1,"featured_media":0,"parent":0,"menu_order":0,"comment_status":"closed","ping_status":"closed","template":"","meta":{"footnotes":""},"class_list":["post-34","page","type-page","status-publish","hentry"],"_links":{"self":[{"href":"https:\/\/www.gemlavie.org\/index.php\/wp-json\/wp\/v2\/pages\/34","targetHints":{"allow":["GET"]}}],"collection":[{"href":"https:\/\/www.gemlavie.org\/index.php\/wp-json\/wp\/v2\/pages"}],"about":[{"href":"https:\/\/www.gemlavie.org\/index.php\/wp-json\/wp\/v2\/types\/page"}],"author":[{"embeddable":true,"href":"https:\/\/www.gemlavie.org\/index.php\/wp-json\/wp\/v2\/users\/1"}],"replies":[{"embeddable":true,"href":"https:\/\/www.gemlavie.org\/index.php\/wp-json\/wp\/v2\/comments?post=34"}],"version-history":[{"count":1,"href":"https:\/\/www.gemlavie.org\/index.php\/wp-json\/wp\/v2\/pages\/34\/revisions"}],"predecessor-version":[{"id":35,"href":"https:\/\/www.gemlavie.org\/index.php\/wp-json\/wp\/v2\/pages\/34\/revisions\/35"}],"wp:attachment":[{"href":"https:\/\/www.gemlavie.org\/index.php\/wp-json\/wp\/v2\/media?parent=34"}],"curies":[{"name":"wp","href":"https:\/\/api.w.org\/{rel}","templated":true}]}}