{"id":26,"date":"2024-03-21T14:10:45","date_gmt":"2024-03-21T13:10:45","guid":{"rendered":"http:\/\/www.gemlavie.org\/?page_id=26"},"modified":"2024-03-21T14:10:45","modified_gmt":"2024-03-21T13:10:45","slug":"comment-venir-au-gem","status":"publish","type":"page","link":"https:\/\/www.gemlavie.org\/index.php\/comment-venir-au-gem\/","title":{"rendered":"Comment venir au GEM ?"},"content":{"rendered":"\n<p class=\"has-text-align-center\"><strong>L\u2019ACCESSIBILITE DU GEM<\/strong><\/p>\n\n\n\n<p><strong>EN TRAM<\/strong><\/p>\n\n\n\n<p>Ligne A&nbsp;: arr\u00eat \u00ab&nbsp;Hauts de Saint Aubin&nbsp;\u00bb<\/p>\n\n\n\n<p>NB&nbsp;: L\u2019arr\u00eat de tram est juste en face du lieu d\u2019activit\u00e9s<\/p>\n\n\n\n<p><strong>MOUV\u2019IRIGO<\/strong><\/p>\n\n\n\n<p>Service adapt\u00e9 de transport collectif porte-\u00e0-porte, destin\u00e9 aux personnes \u00e0 mobilit\u00e9 r\u00e9duite \u00e9tant dans l\u2019impossibilit\u00e9 d\u2019utiliser les lignes r\u00e9guli\u00e8res.<\/p>\n\n\n\n<p>A savoir que le service fonctionne uniquement sur inscription et r\u00e9servation (except\u00e9 les jours f\u00e9ri\u00e9s)&nbsp;:<\/p>\n\n\n\n<p>Du lundi au vendredi de 7h \u00e0 20h, le samedi de 8h \u00e0 20h et le dimanche de 9h \u00e0 20h.<\/p>\n\n\n\n<p>La demande de dossier d\u2019inscription&nbsp;se fait par t\u00e9l\u00e9phone au 02 41 27 29 29 du lundi au vendredi de 7h30 \u00e0 19h ou sur <a href=\"mailto:reservation@irigo.fr\">reservation@irigo.fr<\/a><\/p>\n\n\n<div class=\"wp-block-image\">\n<figure class=\"aligncenter size-full\"><img loading=\"lazy\" decoding=\"async\" width=\"300\" height=\"163\" src=\"http:\/\/www.gemlavie.org\/wp-content\/uploads\/2024\/03\/Image1.png\" alt=\"\" class=\"wp-image-27\"\/><\/figure>\n<\/div>\n\n\n<p>Et pour r\u00e9server ou annuler son voyage cela se fait par t\u00e9l\u00e9phone au 02 41 33 64 64 du lundi au vendredi de 7h \u00e0 19h, le samedi de 9h \u00e0 18h ou sur eboutique.irigo.fr ou via votre profil sur le site internet&nbsp;: handicap.irigo.fr<\/p>\n","protected":false},"excerpt":{"rendered":"<p>L\u2019ACCESSIBILITE DU GEM EN TRAM Ligne A&nbsp;: arr\u00eat \u00ab&nbsp;Hauts de Saint Aubin&nbsp;\u00bb NB&nbsp;: L\u2019arr\u00eat de tram est juste en face du lieu d\u2019activit\u00e9s MOUV\u2019IRIGO Service adapt\u00e9 de transport collectif porte-\u00e0-porte, destin\u00e9 aux personnes \u00e0 mobilit\u00e9 r\u00e9duite \u00e9tant dans l\u2019impossibilit\u00e9 d\u2019utiliser les lignes r\u00e9guli\u00e8res. A savoir que le service fonctionne uniquement sur inscription et r\u00e9servation (except\u00e9 les jours f\u00e9ri\u00e9s)&nbsp;: Du lundi au vendredi de 7h \u00e0 20h, le samedi de 8h \u00e0 20h et le dimanche de 9h \u00e0 20h. La demande de dossier d\u2019inscription&nbsp;se fait par t\u00e9l\u00e9phone au 02 41 27 29 29 du lundi au vendredi de 7h30 \u00e0 19h ou sur reservation@irigo.fr Et pour r\u00e9server ou annuler son voyage cela se fait par t\u00e9l\u00e9phone au 02 41 33 64 64 du lundi au vendredi de 7h \u00e0 19h, le samedi de 9h \u00e0 18h ou sur eboutique.irigo.fr ou via votre profil sur le site internet&nbsp;: handicap.irigo.fr<\/p>\n","protected":false},"author":1,"featured_media":0,"parent":0,"menu_order":0,"comment_status":"closed","ping_status":"closed","template":"","meta":{"footnotes":""},"class_list":["post-26","page","type-page","status-publish","hentry"],"_links":{"self":[{"href":"https:\/\/www.gemlavie.org\/index.php\/wp-json\/wp\/v2\/pages\/26","targetHints":{"allow":["GET"]}}],"collection":[{"href":"https:\/\/www.gemlavie.org\/index.php\/wp-json\/wp\/v2\/pages"}],"about":[{"href":"https:\/\/www.gemlavie.org\/index.php\/wp-json\/wp\/v2\/types\/page"}],"author":[{"embeddable":true,"href":"https:\/\/www.gemlavie.org\/index.php\/wp-json\/wp\/v2\/users\/1"}],"replies":[{"embeddable":true,"href":"https:\/\/www.gemlavie.org\/index.php\/wp-json\/wp\/v2\/comments?post=26"}],"version-history":[{"count":1,"href":"https:\/\/www.gemlavie.org\/index.php\/wp-json\/wp\/v2\/pages\/26\/revisions"}],"predecessor-version":[{"id":28,"href":"https:\/\/www.gemlavie.org\/index.php\/wp-json\/wp\/v2\/pages\/26\/revisions\/28"}],"wp:attachment":[{"href":"https:\/\/www.gemlavie.org\/index.php\/wp-json\/wp\/v2\/media?parent=26"}],"curies":[{"name":"wp","href":"https:\/\/api.w.org\/{rel}","templated":true}]}}