{"id":24,"date":"2024-03-21T14:12:20","date_gmt":"2024-03-21T13:12:20","guid":{"rendered":"http:\/\/www.gemlavie.org\/?page_id=24"},"modified":"2024-04-05T11:05:23","modified_gmt":"2024-04-05T09:05:23","slug":"que-peut-on-faire-a-gem-la-vie","status":"publish","type":"page","link":"https:\/\/www.gemlavie.org\/index.php\/que-peut-on-faire-a-gem-la-vie\/","title":{"rendered":"Que peut-on faire \u00e0 GEM La Vie ?"},"content":{"rendered":"\n<figure class=\"wp-block-image size-large\"><img loading=\"lazy\" decoding=\"async\" width=\"1024\" height=\"768\" src=\"http:\/\/www.gemlavie.org\/wp-content\/uploads\/2024\/03\/7b133a55-71ef-4ca3-9617-0dee07a53357-1024x768.jpg\" alt=\"\" class=\"wp-image-17\" srcset=\"https:\/\/www.gemlavie.org\/wp-content\/uploads\/2024\/03\/7b133a55-71ef-4ca3-9617-0dee07a53357-1024x768.jpg 1024w, https:\/\/www.gemlavie.org\/wp-content\/uploads\/2024\/03\/7b133a55-71ef-4ca3-9617-0dee07a53357-300x225.jpg 300w, https:\/\/www.gemlavie.org\/wp-content\/uploads\/2024\/03\/7b133a55-71ef-4ca3-9617-0dee07a53357-768x576.jpg 768w, https:\/\/www.gemlavie.org\/wp-content\/uploads\/2024\/03\/7b133a55-71ef-4ca3-9617-0dee07a53357-1536x1152.jpg 1536w, https:\/\/www.gemlavie.org\/wp-content\/uploads\/2024\/03\/7b133a55-71ef-4ca3-9617-0dee07a53357.jpg 1600w\" sizes=\"auto, (max-width: 1024px) 100vw, 1024px\" \/><\/figure>\n\n\n\n<p>Au GEM, il est possible de faire diff\u00e9rentes activit\u00e9s qui sont propos\u00e9es et anim\u00e9es par des b\u00e9n\u00e9voles, des prestataires et\/ou les permanents de l\u2019association (c\u2019est-\u00e0-dire l\u2019\u00e9quipe op\u00e9rationnelle compos\u00e9e des salari\u00e9s, volontaires en service civique et\/ou stagiaires).&nbsp;<\/p>\n\n\n\n<p>Chant, arts plastiques, jeux de soci\u00e9t\u00e9, atelier cuisine, th\u00e9\u00e2tre, percussions-batucada, actualit\u00e9s, caf\u00e9 philo,\u2026sont autant d\u2019activit\u00e9s qui permettent la rencontre. Ce sont aussi des temps qui permettent de mettre en \u0153uvre les talents de chacun ou de s\u2019en d\u00e9couvrir de nouveaux. Les weekend ont lieu des sorties et\/ou des animations \u00ab&nbsp;sp\u00e9ciales&nbsp;\u00bb: Cin\u00e9ma, visite de mus\u00e9es, karaok\u00e9, brunch, soir\u00e9es \u00e0 th\u00e8mes, restaurant\/bar, bowling,\u2026<\/p>\n\n\n\n<p>Nous proposons \u00e9galement des repas partag\u00e9s 2 fois par semaine les mercredis et les vendredis qui sont r\u00e9alis\u00e9s avec la participation de b\u00e9n\u00e9voles et d\u2019adh\u00e9rents. Une fois par mois des mamans b\u00e9n\u00e9voles proposent des tables d\u2019h\u00f4tes, il s\u2019agit d\u2019un moment convivial, o\u00f9 les mamans b\u00e9n\u00e9voles apportent leurs plats pour le partager avec l\u2019ensemble des invit\u00e9s.&nbsp;<\/p>\n\n\n\n<p>Le planning mensuel des activit\u00e9s est envoy\u00e9 par mail l\u2019avant derni\u00e8re semaine du mois en cours pour le mois suivant. Il est important de vous inscrire pour \u00eatre garanti d\u2019avoir une place pour les repas partag\u00e9s et\/ou tables d\u2019h\u00f4tes, mais \u00e9galement pour organiser au mieux chaque animation \u2013 sortie.&nbsp;<\/p>\n\n\n\n<p>L\u2019ensemble des activit\u00e9s propos\u00e9s en semaine sont au prix de 3\u20ac sauf exception particuli\u00e8re, concernant le tarif des sorties du week-end peut varier en fonction de l\u2019animation. Les repas sont au prix de 5\u20ac.<\/p>\n","protected":false},"excerpt":{"rendered":"<p>Au GEM, il est possible de faire diff\u00e9rentes activit\u00e9s qui sont propos\u00e9es et anim\u00e9es par des b\u00e9n\u00e9voles, des prestataires et\/ou les permanents de l\u2019association (c\u2019est-\u00e0-dire l\u2019\u00e9quipe op\u00e9rationnelle compos\u00e9e des salari\u00e9s, volontaires en service civique et\/ou stagiaires).&nbsp; Chant, arts plastiques, jeux de soci\u00e9t\u00e9, atelier cuisine, th\u00e9\u00e2tre, percussions-batucada, actualit\u00e9s, caf\u00e9 philo,\u2026sont autant d\u2019activit\u00e9s qui permettent la rencontre. Ce sont aussi des temps qui permettent de mettre en \u0153uvre les talents de chacun ou de s\u2019en d\u00e9couvrir de nouveaux. Les weekend ont lieu des sorties et\/ou des animations \u00ab&nbsp;sp\u00e9ciales&nbsp;\u00bb: Cin\u00e9ma, visite de mus\u00e9es, karaok\u00e9, brunch, soir\u00e9es \u00e0 th\u00e8mes, restaurant\/bar, bowling,\u2026 Nous proposons \u00e9galement des repas partag\u00e9s 2 fois par semaine les mercredis et les vendredis qui sont r\u00e9alis\u00e9s avec la participation de b\u00e9n\u00e9voles et d\u2019adh\u00e9rents. Une fois par mois des mamans b\u00e9n\u00e9voles proposent des tables d\u2019h\u00f4tes, il s\u2019agit d\u2019un moment convivial, o\u00f9 les mamans b\u00e9n\u00e9voles apportent leurs plats pour le partager avec l\u2019ensemble des invit\u00e9s.&nbsp; Le planning mensuel des activit\u00e9s est envoy\u00e9 par mail l\u2019avant derni\u00e8re semaine du mois en cours pour le mois suivant. Il est important de vous inscrire pour \u00eatre garanti d\u2019avoir une place pour les repas partag\u00e9s et\/ou tables d\u2019h\u00f4tes, mais \u00e9galement pour organiser au mieux chaque animation \u2013 sortie.&nbsp; L\u2019ensemble des activit\u00e9s propos\u00e9s en semaine sont au prix de 3\u20ac sauf exception particuli\u00e8re, concernant le tarif des sorties du week-end peut varier en fonction de l\u2019animation. Les repas sont au prix de 5\u20ac.<\/p>\n","protected":false},"author":1,"featured_media":0,"parent":0,"menu_order":0,"comment_status":"closed","ping_status":"closed","template":"","meta":{"footnotes":""},"class_list":["post-24","page","type-page","status-publish","hentry"],"_links":{"self":[{"href":"https:\/\/www.gemlavie.org\/index.php\/wp-json\/wp\/v2\/pages\/24","targetHints":{"allow":["GET"]}}],"collection":[{"href":"https:\/\/www.gemlavie.org\/index.php\/wp-json\/wp\/v2\/pages"}],"about":[{"href":"https:\/\/www.gemlavie.org\/index.php\/wp-json\/wp\/v2\/types\/page"}],"author":[{"embeddable":true,"href":"https:\/\/www.gemlavie.org\/index.php\/wp-json\/wp\/v2\/users\/1"}],"replies":[{"embeddable":true,"href":"https:\/\/www.gemlavie.org\/index.php\/wp-json\/wp\/v2\/comments?post=24"}],"version-history":[{"count":2,"href":"https:\/\/www.gemlavie.org\/index.php\/wp-json\/wp\/v2\/pages\/24\/revisions"}],"predecessor-version":[{"id":112,"href":"https:\/\/www.gemlavie.org\/index.php\/wp-json\/wp\/v2\/pages\/24\/revisions\/112"}],"wp:attachment":[{"href":"https:\/\/www.gemlavie.org\/index.php\/wp-json\/wp\/v2\/media?parent=24"}],"curies":[{"name":"wp","href":"https:\/\/api.w.org\/{rel}","templated":true}]}}