{"id":22,"date":"2024-03-21T14:11:17","date_gmt":"2024-03-21T13:11:17","guid":{"rendered":"http:\/\/www.gemlavie.org\/?page_id=22"},"modified":"2024-07-11T15:19:38","modified_gmt":"2024-07-11T13:19:38","slug":"gem-la-vie-pour-qui","status":"publish","type":"page","link":"https:\/\/www.gemlavie.org\/index.php\/gem-la-vie-pour-qui\/","title":{"rendered":"GEM La Vie, pour qui ?"},"content":{"rendered":"\n<p>Agr\u00e9\u00e9 par l\u2019Agence R\u00e9gionale de Sant\u00e9, GEM La Vie est le fruit d\u2019une r\u00e9flexion et d\u2019un lieu d\u2019activit\u00e9 port\u00e9 par l\u2019association d\u2019habitats inclusifs Simon de Cyr\u00e8ne Anjou.<\/p>\n\n\n\n<figure class=\"wp-block-image size-large\"><img loading=\"lazy\" decoding=\"async\" width=\"1024\" height=\"768\" src=\"http:\/\/www.gemlavie.org\/wp-content\/uploads\/2024\/03\/IMG-20240118-WA0000-1024x768.jpg\" alt=\"\" class=\"wp-image-84\" srcset=\"https:\/\/www.gemlavie.org\/wp-content\/uploads\/2024\/03\/IMG-20240118-WA0000-1024x768.jpg 1024w, https:\/\/www.gemlavie.org\/wp-content\/uploads\/2024\/03\/IMG-20240118-WA0000-300x225.jpg 300w, https:\/\/www.gemlavie.org\/wp-content\/uploads\/2024\/03\/IMG-20240118-WA0000-768x576.jpg 768w, https:\/\/www.gemlavie.org\/wp-content\/uploads\/2024\/03\/IMG-20240118-WA0000-1536x1152.jpg 1536w, https:\/\/www.gemlavie.org\/wp-content\/uploads\/2024\/03\/IMG-20240118-WA0000.jpg 1600w\" sizes=\"auto, (max-width: 1024px) 100vw, 1024px\" \/><\/figure>\n\n\n\n<p>GEM La Vie accueille en priorit\u00e9 les personnes c\u00e9r\u00e9bro-l\u00e9s\u00e9es, notamment victimes d\u2019un traumatisme cr\u00e2nien ou d\u2019un accident vasculaire-c\u00e9r\u00e9bral (AVC). GEM La Vie pourra accueillir aussi des personnes avec un handicap aux cons\u00e9quences similaires.<\/p>\n\n\n\n<p>GEM La Vie travaille en r\u00e9seau avec les structures sanitaires sp\u00e9cialis\u00e9es dans la l\u00e9sion c\u00e9r\u00e9brale ainsi que tout \u00e9tablissement m\u00e9dico-social et institution prenant en charge ces personnes.<\/p>\n\n\n\n<p>Vous voulez en savoir plus sur la c\u00e9r\u00e9brol\u00e9sion :<a href=\"https:\/\/www.youtube.com\/watch?v=w0pbZyLQ_K8&amp;ab_channel=GroupeHumanis\">https:\/\/www.youtube.com\/watch?v=w0pbZyLQ_K8&amp;ab_channel=GroupeHumanis<\/a> <\/p>\n","protected":false},"excerpt":{"rendered":"<p>Agr\u00e9\u00e9 par l\u2019Agence R\u00e9gionale de Sant\u00e9, GEM La Vie est le fruit d\u2019une r\u00e9flexion et d\u2019un lieu d\u2019activit\u00e9 port\u00e9 par l\u2019association d\u2019habitats inclusifs Simon de Cyr\u00e8ne Anjou. GEM La Vie accueille en priorit\u00e9 les personnes c\u00e9r\u00e9bro-l\u00e9s\u00e9es, notamment victimes d\u2019un traumatisme cr\u00e2nien ou d\u2019un accident vasculaire-c\u00e9r\u00e9bral (AVC). GEM La Vie pourra accueillir aussi des personnes avec un handicap aux cons\u00e9quences similaires. GEM La Vie travaille en r\u00e9seau avec les structures sanitaires sp\u00e9cialis\u00e9es dans la l\u00e9sion c\u00e9r\u00e9brale ainsi que tout \u00e9tablissement m\u00e9dico-social et institution prenant en charge ces personnes. Vous voulez en savoir plus sur la c\u00e9r\u00e9brol\u00e9sion :https:\/\/www.youtube.com\/watch?v=w0pbZyLQ_K8&amp;ab_channel=GroupeHumanis<\/p>\n","protected":false},"author":1,"featured_media":0,"parent":0,"menu_order":0,"comment_status":"closed","ping_status":"closed","template":"","meta":{"footnotes":""},"class_list":["post-22","page","type-page","status-publish","hentry"],"_links":{"self":[{"href":"https:\/\/www.gemlavie.org\/index.php\/wp-json\/wp\/v2\/pages\/22","targetHints":{"allow":["GET"]}}],"collection":[{"href":"https:\/\/www.gemlavie.org\/index.php\/wp-json\/wp\/v2\/pages"}],"about":[{"href":"https:\/\/www.gemlavie.org\/index.php\/wp-json\/wp\/v2\/types\/page"}],"author":[{"embeddable":true,"href":"https:\/\/www.gemlavie.org\/index.php\/wp-json\/wp\/v2\/users\/1"}],"replies":[{"embeddable":true,"href":"https:\/\/www.gemlavie.org\/index.php\/wp-json\/wp\/v2\/comments?post=22"}],"version-history":[{"count":2,"href":"https:\/\/www.gemlavie.org\/index.php\/wp-json\/wp\/v2\/pages\/22\/revisions"}],"predecessor-version":[{"id":106,"href":"https:\/\/www.gemlavie.org\/index.php\/wp-json\/wp\/v2\/pages\/22\/revisions\/106"}],"wp:attachment":[{"href":"https:\/\/www.gemlavie.org\/index.php\/wp-json\/wp\/v2\/media?parent=22"}],"curies":[{"name":"wp","href":"https:\/\/api.w.org\/{rel}","templated":true}]}}