{"id":20,"date":"2024-03-21T14:11:27","date_gmt":"2024-03-21T13:11:27","guid":{"rendered":"http:\/\/www.gemlavie.org\/?page_id=20"},"modified":"2024-07-11T15:19:56","modified_gmt":"2024-07-11T13:19:56","slug":"gem-la-vie-pourquoi","status":"publish","type":"page","link":"https:\/\/www.gemlavie.org\/index.php\/gem-la-vie-pourquoi\/","title":{"rendered":"GEM La Vie, pourquoi ?"},"content":{"rendered":"\n<p>Nous sommes le <strong>Premier GEM en Anjou pour les personnes c\u00e9r\u00e9bro-l\u00e9s\u00e9es.<\/strong><\/p>\n\n\n\n<figure class=\"wp-block-image size-large\"><img loading=\"lazy\" decoding=\"async\" width=\"1024\" height=\"768\" src=\"http:\/\/www.gemlavie.org\/wp-content\/uploads\/2024\/03\/IMG-20240112-WA0002-1024x768.jpg\" alt=\"\" class=\"wp-image-83\" srcset=\"https:\/\/www.gemlavie.org\/wp-content\/uploads\/2024\/03\/IMG-20240112-WA0002-1024x768.jpg 1024w, https:\/\/www.gemlavie.org\/wp-content\/uploads\/2024\/03\/IMG-20240112-WA0002-300x225.jpg 300w, https:\/\/www.gemlavie.org\/wp-content\/uploads\/2024\/03\/IMG-20240112-WA0002-768x576.jpg 768w, https:\/\/www.gemlavie.org\/wp-content\/uploads\/2024\/03\/IMG-20240112-WA0002-1536x1152.jpg 1536w, https:\/\/www.gemlavie.org\/wp-content\/uploads\/2024\/03\/IMG-20240112-WA0002.jpg 1600w\" sizes=\"auto, (max-width: 1024px) 100vw, 1024px\" \/><\/figure>\n\n\n\n<p>Il s\u2019agit d\u2019un dispositif d\u2019int\u00e9gration sociale : Il permet \u00e0 ses membres de susciter une dynamique du collectif, en d\u00e9veloppant le vivre ensemble. Mais aussi de favoriser la socialisation et l\u2019\u00e9panouissement personnel. Ainsi que de vivre un temps d\u2019\u00e9change, d\u2019ouverture et de d\u00e9passement avec des personnes valides, dans un esprit fraternel. L\u2019activit\u00e9 est un lieu de r\u00e9alisation et un pr\u00e9texte \u00e0 l\u2019aventure humaine.<\/p>\n\n\n\n<p><strong><em>Au sein du GEM les usagers adh\u00e9rents participent de plein droit avec voix d\u00e9lib\u00e9rative aux assembl\u00e9es g\u00e9n\u00e9rales, ils \u00e9lisent les membres du conseil d\u2019administration lors de l\u2019Assembl\u00e9e G\u00e9n\u00e9rale annuelle.<\/em><\/strong><\/p>\n","protected":false},"excerpt":{"rendered":"<p>Nous sommes le Premier GEM en Anjou pour les personnes c\u00e9r\u00e9bro-l\u00e9s\u00e9es. Il s\u2019agit d\u2019un dispositif d\u2019int\u00e9gration sociale : Il permet \u00e0 ses membres de susciter une dynamique du collectif, en d\u00e9veloppant le vivre ensemble. Mais aussi de favoriser la socialisation et l\u2019\u00e9panouissement personnel. Ainsi que de vivre un temps d\u2019\u00e9change, d\u2019ouverture et de d\u00e9passement avec des personnes valides, dans un esprit fraternel. L\u2019activit\u00e9 est un lieu de r\u00e9alisation et un pr\u00e9texte \u00e0 l\u2019aventure humaine. Au sein du GEM les usagers adh\u00e9rents participent de plein droit avec voix d\u00e9lib\u00e9rative aux assembl\u00e9es g\u00e9n\u00e9rales, ils \u00e9lisent les membres du conseil d\u2019administration lors de l\u2019Assembl\u00e9e G\u00e9n\u00e9rale annuelle.<\/p>\n","protected":false},"author":1,"featured_media":0,"parent":0,"menu_order":0,"comment_status":"closed","ping_status":"closed","template":"","meta":{"footnotes":""},"class_list":["post-20","page","type-page","status-publish","hentry"],"_links":{"self":[{"href":"https:\/\/www.gemlavie.org\/index.php\/wp-json\/wp\/v2\/pages\/20","targetHints":{"allow":["GET"]}}],"collection":[{"href":"https:\/\/www.gemlavie.org\/index.php\/wp-json\/wp\/v2\/pages"}],"about":[{"href":"https:\/\/www.gemlavie.org\/index.php\/wp-json\/wp\/v2\/types\/page"}],"author":[{"embeddable":true,"href":"https:\/\/www.gemlavie.org\/index.php\/wp-json\/wp\/v2\/users\/1"}],"replies":[{"embeddable":true,"href":"https:\/\/www.gemlavie.org\/index.php\/wp-json\/wp\/v2\/comments?post=20"}],"version-history":[{"count":2,"href":"https:\/\/www.gemlavie.org\/index.php\/wp-json\/wp\/v2\/pages\/20\/revisions"}],"predecessor-version":[{"id":107,"href":"https:\/\/www.gemlavie.org\/index.php\/wp-json\/wp\/v2\/pages\/20\/revisions\/107"}],"wp:attachment":[{"href":"https:\/\/www.gemlavie.org\/index.php\/wp-json\/wp\/v2\/media?parent=20"}],"curies":[{"name":"wp","href":"https:\/\/api.w.org\/{rel}","templated":true}]}}